{"id":1241,"date":"2016-11-14T16:30:20","date_gmt":"2016-11-14T15:30:20","guid":{"rendered":"http:\/\/www.sfih-holzfeuerungen.ch\/fr\/?page_id=1241"},"modified":"2025-09-25T18:49:05","modified_gmt":"2025-09-25T16:49:05","slug":"formations","status":"publish","type":"page","link":"https:\/\/www.holzfeuerungen-schweiz.ch\/fr\/formations","title":{"rendered":"Formations"},"content":{"rendered":"\t\t\t<section  class=\"content-section vc_backgroundimage vc_bg_image_medium   stretch-row vc-cover   mb-20-xs mb-30-sm\"  style=\"background-position:center center;background-image:url(https:\/\/www.holzfeuerungen-schweiz.ch\/wp-content\/uploads\/2020\/11\/adult-education-3812693-1920.jpg);\"  >\n\n\t\t\t\t<div class=\"row  \">\n\n\t\t\t\t\t[vc_column][\/vc_column]\n\t\t\t\t<\/div>\n\n\t\t\t\t\n\t\t\t\t\n\t\t\t\n\t\t\t\n\t\t<\/section>\n\n\t\t\t\t<section  class=\"content-section      mb-20-xs mb-30-sm\"    >\n\n\t\t\t\t<div class=\"row  \">\n\n\t\t\t\t\t[vc_column][vc_column_text css=\u00a0\u00bb\u00a0\u00bb vc_rwd=\u00a0\u00bb\u00a0\u00bb]\n<h1>Sp\u00e9cialiste en combustion bois<\/h1>\n<h3>Formation continue<\/h3>\n<p>Le cours de sp\u00e9cialiste en syst\u00e8mes thermiques est une formation continue en cours d\u2019emploi pour les techniciens de service dans le domaine des syst\u00e8mes thermiques. La formation est r\u00e9partie en un module de base et un module d\u2019approfondissement et est r\u00e9alis\u00e9 dans les quatre sp\u00e9cialisations technique de combustion mazout, technique de combustion gaz, technique de combustion bois ainsi que pompes \u00e0 chaleur.<\/p>\n<p>La formation en deux parties permet d\u2019une part une entr\u00e9e facilit\u00e9e dans le monde du travail (module de base) et d\u2019autre part une formation approfondie des techniciens de service concernant la technique, la combinaison de syst\u00e8mes ainsi que les \u00e9nergies renouvelables pour des conseils ainsi que des \u00e9valuations d\u2019installations fond\u00e9s et \u00e0 la hauteur de la technique moderne (module d\u2019approfondissement).<\/p>\n<p>Aussi bien le module de base que le module d\u2019approfondissement sont achev\u00e9s chacun avec un certificat de comp\u00e9tences. Apr\u00e8s avoir conclu les deux modules avec succ\u00e8s et apr\u00e8s deux ans d\u2019exp\u00e9rience professionnelle, il est possible de passer l\u2019examen professionnel f\u00e9d\u00e9ral et d\u2019obtenir le brevet de sp\u00e9cialiste en syst\u00e8mes thermiques dans la sp\u00e9cialisation choisie.<\/p>\n<p><a href=\"https:\/\/gebaeudeklima-schweiz.ch\/fr\/formation\/cycles-formation\">Sp\u00e9cialiste en syst\u00e8mes thermiques, ImmoClimat Suisse<\/a><\/p>\n<p><a href=\"https:\/\/www.kaminfeger.ch\/fr\/inhalte\/specialiste-en-systemes-thermiques-brevet-federal-mazout-gaz-ou-bois\" target=\"_blank\" rel=\"noopener noreferrer\">Sp\u00e9cialiste en syst\u00e8mes thermiques, Ramoneur Suisse<\/a>[\/vc_column_text][\/vc_column]\n\t\t\t\t<\/div>\n\n\t\t\t\t\n\t\t\t\t\n\t\t\t\n\t\t\t\n\t\t<\/section>\n\n\t\t\t\t<section  class=\"content-section      mb-20-xs mb-30-sm\"    >\n\n\t\t\t\t<div class=\"row  \">\n\n\t\t\t\t\t[vc_column][vc_single_image img_size=\u00a0\u00bblarge\u00a0\u00bb image=\u00a0\u00bb1134&Prime;][\/vc_column]\n\t\t\t\t<\/div>\n\n\t\t\t\t\n\t\t\t\t\n\t\t\t\n\t\t\t\n\t\t<\/section>\n\n\t\n","protected":false},"excerpt":{"rendered":"[vc_column][\/vc_column] [vc_column][vc_column_text css=\"\" vc_rwd=\"\"] Sp\u00e9cialiste en combustion bois Formation continue Le cours de sp\u00e9cialiste en syst\u00e8mes thermiques est une formation continue en cours d\u2019emploi pour les techniciens de service dans le domaine des syst\u00e8mes thermiques. La formation est r\u00e9partie en un module de base et un module d\u2019approfondissement et est <a class=\"moretag\" href=\"https:\/\/www.holzfeuerungen-schweiz.ch\/fr\/formations\">read more...<\/a>","protected":false},"author":5,"featured_media":0,"parent":0,"menu_order":80,"comment_status":"closed","ping_status":"closed","template":"","meta":{"_acf_changed":false,"footnotes":"","_links_to":"","_links_to_target":""},"class_list":["post-1241","page","type-page","status-publish","hentry"],"acf":[],"yoast_head":"<!-- This site is optimized with the Yoast SEO plugin v27.4 - https:\/\/yoast.com\/product\/yoast-seo-wordpress\/ -->\n<title>Formations - Holzfeuerungen Schweiz<\/title>\n<meta name=\"robots\" content=\"index, follow, max-snippet:-1, max-image-preview:large, max-video-preview:-1\" \/>\n<link rel=\"canonical\" href=\"https:\/\/www.holzfeuerungen-schweiz.ch\/fr\/formations\" \/>\n<meta property=\"og:locale\" content=\"fr_FR\" \/>\n<meta property=\"og:type\" content=\"article\" \/>\n<meta property=\"og:title\" content=\"Formations - Holzfeuerungen Schweiz\" \/>\n<meta property=\"og:url\" content=\"https:\/\/www.holzfeuerungen-schweiz.ch\/fr\/formations\" \/>\n<meta property=\"og:site_name\" content=\"Holzfeuerungen Schweiz\" \/>\n<meta property=\"article:publisher\" content=\"https:\/\/www.facebook.com\/Holzfeuerungen-Schweiz-107491968216764\" \/>\n<meta property=\"article:modified_time\" content=\"2025-09-25T16:49:05+00:00\" \/>\n<meta property=\"og:image\" content=\"https:\/\/www.holzfeuerungen-schweiz.ch\/wp-content\/uploads\/2016\/04\/logo-holzfeuerungen-schweiz-300-dpi.png\" \/>\n\t<meta property=\"og:image:width\" content=\"2052\" \/>\n\t<meta property=\"og:image:height\" content=\"1280\" \/>\n\t<meta property=\"og:image:type\" content=\"image\/png\" \/>\n<meta name=\"twitter:card\" content=\"summary_large_image\" \/>\n<meta name=\"twitter:label1\" content=\"Dur\u00e9e de lecture estim\u00e9e\" \/>\n\t<meta name=\"twitter:data1\" content=\"2 minutes\" \/>\n<script type=\"application\/ld+json\" class=\"yoast-schema-graph\">{\"@context\":\"https:\\\/\\\/schema.org\",\"@graph\":[{\"@type\":\"WebPage\",\"@id\":\"https:\\\/\\\/www.holzfeuerungen-schweiz.ch\\\/fr\\\/formations\",\"url\":\"https:\\\/\\\/www.holzfeuerungen-schweiz.ch\\\/fr\\\/formations\",\"name\":\"Formations - Holzfeuerungen Schweiz\",\"isPartOf\":{\"@id\":\"https:\\\/\\\/www.holzfeuerungen-schweiz.ch\\\/fr\\\/#website\"},\"datePublished\":\"2016-11-14T15:30:20+00:00\",\"dateModified\":\"2025-09-25T16:49:05+00:00\",\"breadcrumb\":{\"@id\":\"https:\\\/\\\/www.holzfeuerungen-schweiz.ch\\\/fr\\\/formations#breadcrumb\"},\"inLanguage\":\"fr-FR\",\"potentialAction\":[{\"@type\":\"ReadAction\",\"target\":[\"https:\\\/\\\/www.holzfeuerungen-schweiz.ch\\\/fr\\\/formations\"]}]},{\"@type\":\"BreadcrumbList\",\"@id\":\"https:\\\/\\\/www.holzfeuerungen-schweiz.ch\\\/fr\\\/formations#breadcrumb\",\"itemListElement\":[{\"@type\":\"ListItem\",\"position\":1,\"name\":\"Startseite\",\"item\":\"https:\\\/\\\/www.holzfeuerungen-schweiz.ch\\\/fr\"},{\"@type\":\"ListItem\",\"position\":2,\"name\":\"Formations\"}]},{\"@type\":\"WebSite\",\"@id\":\"https:\\\/\\\/www.holzfeuerungen-schweiz.ch\\\/fr\\\/#website\",\"url\":\"https:\\\/\\\/www.holzfeuerungen-schweiz.ch\\\/fr\\\/\",\"name\":\"Holzfeuerungen Schweiz\",\"description\":\"\",\"publisher\":{\"@id\":\"https:\\\/\\\/www.holzfeuerungen-schweiz.ch\\\/fr\\\/#organization\"},\"potentialAction\":[{\"@type\":\"SearchAction\",\"target\":{\"@type\":\"EntryPoint\",\"urlTemplate\":\"https:\\\/\\\/www.holzfeuerungen-schweiz.ch\\\/fr\\\/?s={search_term_string}\"},\"query-input\":{\"@type\":\"PropertyValueSpecification\",\"valueRequired\":true,\"valueName\":\"search_term_string\"}}],\"inLanguage\":\"fr-FR\"},{\"@type\":\"Organization\",\"@id\":\"https:\\\/\\\/www.holzfeuerungen-schweiz.ch\\\/fr\\\/#organization\",\"name\":\"Holzfeuerungen Schweiz\",\"url\":\"https:\\\/\\\/www.holzfeuerungen-schweiz.ch\\\/fr\\\/\",\"logo\":{\"@type\":\"ImageObject\",\"inLanguage\":\"fr-FR\",\"@id\":\"https:\\\/\\\/www.holzfeuerungen-schweiz.ch\\\/fr\\\/#\\\/schema\\\/logo\\\/image\\\/\",\"url\":\"https:\\\/\\\/www.holzfeuerungen-schweiz.ch\\\/wp-content\\\/uploads\\\/2016\\\/04\\\/logo-holzfeuerungen-schweiz-300-dpi.png\",\"contentUrl\":\"https:\\\/\\\/www.holzfeuerungen-schweiz.ch\\\/wp-content\\\/uploads\\\/2016\\\/04\\\/logo-holzfeuerungen-schweiz-300-dpi.png\",\"width\":2052,\"height\":1280,\"caption\":\"Holzfeuerungen Schweiz\"},\"image\":{\"@id\":\"https:\\\/\\\/www.holzfeuerungen-schweiz.ch\\\/fr\\\/#\\\/schema\\\/logo\\\/image\\\/\"},\"sameAs\":[\"https:\\\/\\\/www.facebook.com\\\/Holzfeuerungen-Schweiz-107491968216764\",\"https:\\\/\\\/www.linkedin.com\\\/company\\\/74027423\\\/admin\\\/\",\"https:\\\/\\\/www.youtube.com\\\/watch?v=bvRtbBWWWrU\"]}]}<\/script>\n<!-- \/ Yoast SEO plugin. -->","yoast_head_json":{"title":"Formations - Holzfeuerungen Schweiz","robots":{"index":"index","follow":"follow","max-snippet":"max-snippet:-1","max-image-preview":"max-image-preview:large","max-video-preview":"max-video-preview:-1"},"canonical":"https:\/\/www.holzfeuerungen-schweiz.ch\/fr\/formations","og_locale":"fr_FR","og_type":"article","og_title":"Formations - Holzfeuerungen Schweiz","og_url":"https:\/\/www.holzfeuerungen-schweiz.ch\/fr\/formations","og_site_name":"Holzfeuerungen Schweiz","article_publisher":"https:\/\/www.facebook.com\/Holzfeuerungen-Schweiz-107491968216764","article_modified_time":"2025-09-25T16:49:05+00:00","og_image":[{"width":2052,"height":1280,"url":"https:\/\/www.holzfeuerungen-schweiz.ch\/wp-content\/uploads\/2016\/04\/logo-holzfeuerungen-schweiz-300-dpi.png","type":"image\/png"}],"twitter_card":"summary_large_image","twitter_misc":{"Dur\u00e9e de lecture estim\u00e9e":"2 minutes"},"schema":{"@context":"https:\/\/schema.org","@graph":[{"@type":"WebPage","@id":"https:\/\/www.holzfeuerungen-schweiz.ch\/fr\/formations","url":"https:\/\/www.holzfeuerungen-schweiz.ch\/fr\/formations","name":"Formations - Holzfeuerungen Schweiz","isPartOf":{"@id":"https:\/\/www.holzfeuerungen-schweiz.ch\/fr\/#website"},"datePublished":"2016-11-14T15:30:20+00:00","dateModified":"2025-09-25T16:49:05+00:00","breadcrumb":{"@id":"https:\/\/www.holzfeuerungen-schweiz.ch\/fr\/formations#breadcrumb"},"inLanguage":"fr-FR","potentialAction":[{"@type":"ReadAction","target":["https:\/\/www.holzfeuerungen-schweiz.ch\/fr\/formations"]}]},{"@type":"BreadcrumbList","@id":"https:\/\/www.holzfeuerungen-schweiz.ch\/fr\/formations#breadcrumb","itemListElement":[{"@type":"ListItem","position":1,"name":"Startseite","item":"https:\/\/www.holzfeuerungen-schweiz.ch\/fr"},{"@type":"ListItem","position":2,"name":"Formations"}]},{"@type":"WebSite","@id":"https:\/\/www.holzfeuerungen-schweiz.ch\/fr\/#website","url":"https:\/\/www.holzfeuerungen-schweiz.ch\/fr\/","name":"Holzfeuerungen Schweiz","description":"","publisher":{"@id":"https:\/\/www.holzfeuerungen-schweiz.ch\/fr\/#organization"},"potentialAction":[{"@type":"SearchAction","target":{"@type":"EntryPoint","urlTemplate":"https:\/\/www.holzfeuerungen-schweiz.ch\/fr\/?s={search_term_string}"},"query-input":{"@type":"PropertyValueSpecification","valueRequired":true,"valueName":"search_term_string"}}],"inLanguage":"fr-FR"},{"@type":"Organization","@id":"https:\/\/www.holzfeuerungen-schweiz.ch\/fr\/#organization","name":"Holzfeuerungen Schweiz","url":"https:\/\/www.holzfeuerungen-schweiz.ch\/fr\/","logo":{"@type":"ImageObject","inLanguage":"fr-FR","@id":"https:\/\/www.holzfeuerungen-schweiz.ch\/fr\/#\/schema\/logo\/image\/","url":"https:\/\/www.holzfeuerungen-schweiz.ch\/wp-content\/uploads\/2016\/04\/logo-holzfeuerungen-schweiz-300-dpi.png","contentUrl":"https:\/\/www.holzfeuerungen-schweiz.ch\/wp-content\/uploads\/2016\/04\/logo-holzfeuerungen-schweiz-300-dpi.png","width":2052,"height":1280,"caption":"Holzfeuerungen Schweiz"},"image":{"@id":"https:\/\/www.holzfeuerungen-schweiz.ch\/fr\/#\/schema\/logo\/image\/"},"sameAs":["https:\/\/www.facebook.com\/Holzfeuerungen-Schweiz-107491968216764","https:\/\/www.linkedin.com\/company\/74027423\/admin\/","https:\/\/www.youtube.com\/watch?v=bvRtbBWWWrU"]}]}},"_links":{"self":[{"href":"https:\/\/www.holzfeuerungen-schweiz.ch\/fr\/wp-json\/wp\/v2\/pages\/1241","targetHints":{"allow":["GET"]}}],"collection":[{"href":"https:\/\/www.holzfeuerungen-schweiz.ch\/fr\/wp-json\/wp\/v2\/pages"}],"about":[{"href":"https:\/\/www.holzfeuerungen-schweiz.ch\/fr\/wp-json\/wp\/v2\/types\/page"}],"author":[{"embeddable":true,"href":"https:\/\/www.holzfeuerungen-schweiz.ch\/fr\/wp-json\/wp\/v2\/users\/5"}],"replies":[{"embeddable":true,"href":"https:\/\/www.holzfeuerungen-schweiz.ch\/fr\/wp-json\/wp\/v2\/comments?post=1241"}],"version-history":[{"count":4,"href":"https:\/\/www.holzfeuerungen-schweiz.ch\/fr\/wp-json\/wp\/v2\/pages\/1241\/revisions"}],"predecessor-version":[{"id":6754,"href":"https:\/\/www.holzfeuerungen-schweiz.ch\/fr\/wp-json\/wp\/v2\/pages\/1241\/revisions\/6754"}],"wp:attachment":[{"href":"https:\/\/www.holzfeuerungen-schweiz.ch\/fr\/wp-json\/wp\/v2\/media?parent=1241"}],"curies":[{"name":"wp","href":"https:\/\/api.w.org\/{rel}","templated":true}]}}