{"id":1248,"date":"2016-11-14T19:20:25","date_gmt":"2016-11-14T18:20:25","guid":{"rendered":"http:\/\/www.sfih-holzfeuerungen.ch\/fr\/?page_id=1248"},"modified":"2020-11-13T13:47:37","modified_gmt":"2020-11-13T12:47:37","slug":"vorstand","status":"publish","type":"page","link":"https:\/\/www.holzfeuerungen-schweiz.ch\/fr\/lassociation\/vorstand","title":{"rendered":"Vorstand"},"content":{"rendered":"\t\t\t<section  class=\"content-section      mb-20-xs mb-30-sm\"    >\n\n\t\t\t\t<div class=\"row  \">\n\n\t\t\t\t\t[vc_column][vc_column_text]\n<h1>Le comit\u00e9<\/h1>\n[\/vc_column_text][\/vc_column]\n\t\t\t\t<\/div>\n\n\t\t\t\t\n\t\t\t\t\n\t\t\t\n\t\t\t\n\t\t<\/section>\n\n\t\t\t\t<section  class=\"content-section      mb-20-xs mb-30-sm\"    >\n\n\t\t\t\t<div class=\"row  \">\n\n\t\t\t\t\t[vc_column width=\u00a0\u00bb1\/4&Prime;][vc_column_text]<strong>Pr\u00e9sident<\/strong>[\/vc_column_text][\/vc_column]\n\t\t\t\t<\/div>\n\n\t\t\t\t\n\t\t\t\t\n\t\t\t\n\t\t\t\n\t\t<\/section>\n\n\t\t\t\t<section  class=\"content-section      mb-20-xs mb-30-sm\"    >\n\n\t\t\t\t<div class=\"row  \">\n\n\t\t\t\t\t[vc_column width=\u00a0\u00bb1\/4&Prime;][vc_column_text]Markus Heitzmann[\/vc_column_text][\/vc_column][vc_column width=\u00a0\u00bb3\/4&Prime;][vc_column_text]Heitzmann AG<br \/>\nGewerbering<br \/>\n6105 Schachen[\/vc_column_text][\/vc_column]\n\t\t\t\t<\/div>\n\n\t\t\t\t\n\t\t\t\t\n\t\t\t\n\t\t\t\n\t\t<\/section>\n\n\t\t\t\t<section  class=\"content-section      mb-20-xs mb-30-sm\"    >\n\n\t\t\t\t<div class=\"row  \">\n\n\t\t\t\t\t[vc_column width=\u00a0\u00bb1\/2&Prime;][vc_column_text]<strong>Membres<\/strong>[\/vc_column_text][\/vc_column]\n\t\t\t\t<\/div>\n\n\t\t\t\t\n\t\t\t\t\n\t\t\t\n\t\t\t\n\t\t<\/section>\n\n\t\t\t\t<section  class=\"content-section      mb-20-xs mb-30-sm\"    >\n\n\t\t\t\t<div class=\"row  \">\n\n\t\t\t\t\t[vc_column width=\u00a0\u00bb1\/4&Prime;][vc_column_text]Pius Schwarzentruber[\/vc_column_text][\/vc_column][vc_column width=\u00a0\u00bb3\/4&Prime;][vc_column_text]\u00d6koFEN-Schweiz GmbH<br \/>\nGewerbe R\u00fcdel<br \/>\n6122 Menznau[\/vc_column_text][\/vc_column]\n\t\t\t\t<\/div>\n\n\t\t\t\t\n\t\t\t\t\n\t\t\t\n\t\t\t\n\t\t<\/section>\n\n\t\t\t\t<section  class=\"content-section      mb-20-xs mb-30-sm\"    >\n\n\t\t\t\t<div class=\"row  \">\n\n\t\t\t\t\t[vc_column width=\u00a0\u00bb1\/4&Prime;][vc_column_text]Josef Graf[\/vc_column_text][\/vc_column][vc_column width=\u00a0\u00bb3\/4&Prime;][vc_column_text]Viessmann AG<br \/>\nIndustriestrasse 30<br \/>\n4542 Luterbach[\/vc_column_text][\/vc_column]\n\t\t\t\t<\/div>\n\n\t\t\t\t\n\t\t\t\t\n\t\t\t\n\t\t\t\n\t\t<\/section>\n\n\t\t\t\t<section  class=\"content-section      mb-20-xs mb-30-sm\"    >\n\n\t\t\t\t<div class=\"row  \">\n\n\t\t\t\t\t[vc_column width=\u00a0\u00bb1\/4&Prime;][vc_column_text]Peter Liebi[\/vc_column_text][\/vc_column][vc_column width=\u00a0\u00bb3\/4&Prime;][vc_column_text]Liebi LNC AG<br \/>\nBurgholz<br \/>\n3753 Oey-Diemtigen[\/vc_column_text][\/vc_column]\n\t\t\t\t<\/div>\n\n\t\t\t\t\n\t\t\t\t\n\t\t\t\n\t\t\t\n\t\t<\/section>\n\n\t\t\t\t<section  class=\"content-section      mb-20-xs mb-30-sm\"    >\n\n\t\t\t\t<div class=\"row  \">\n\n\t\t\t\t\t[vc_column width=\u00a0\u00bb1\/4&Prime;][vc_column_text]Philipp L\u00fcscher[\/vc_column_text][\/vc_column][vc_column width=\u00a0\u00bb3\/4&Prime;][vc_column_text]Schmid energy solutions AG<br \/>\n8360 Eschlikon AG[\/vc_column_text][\/vc_column]\n\t\t\t\t<\/div>\n\n\t\t\t\t\n\t\t\t\t\n\t\t\t\n\t\t\t\n\t\t<\/section>\n\n\t\t\t\t<section  class=\"content-section      mb-20-xs mb-30-sm\"    >\n\n\t\t\t\t<div class=\"row  \">\n\n\t\t\t\t\t[vc_column width=\u00a0\u00bb1\/2&Prime;][vc_column_text]<strong>D\u00e9l\u00e9gu\u00e9s proPellets<\/strong>[\/vc_column_text][\/vc_column]\n\t\t\t\t<\/div>\n\n\t\t\t\t\n\t\t\t\t\n\t\t\t\n\t\t\t\n\t\t<\/section>\n\n\t\t\t\t<section  class=\"content-section      mb-20-xs mb-30-sm\"    >\n\n\t\t\t\t<div class=\"row  \">\n\n\t\t\t\t\t[vc_column width=\u00a0\u00bb1\/4&Prime;][vc_column_text]Peter Lehmann[\/vc_column_text][\/vc_column][vc_column width=\u00a0\u00bb3\/4&Prime;][vc_column_text]AEK Pellet AG<br \/>\nWestbahnhofstrasse 3<br \/>\n4502 Solothurn[\/vc_column_text][\/vc_column]\n\t\t\t\t<\/div>\n\n\t\t\t\t\n\t\t\t\t\n\t\t\t\n\t\t\t\n\t\t<\/section>\n\n\t\n","protected":false},"excerpt":{"rendered":"[vc_column][vc_column_text] Le comit\u00e9 [\/vc_column_text][\/vc_column] [vc_column width=\"1\/4\"][vc_column_text]Pr\u00e9sident[\/vc_column_text][\/vc_column] [vc_column width=\"1\/4\"][vc_column_text]Markus Heitzmann[\/vc_column_text][\/vc_column][vc_column width=\"3\/4\"][vc_column_text]Heitzmann AG Gewerbering 6105 Schachen[\/vc_column_text][\/vc_column] [vc_column width=\"1\/2\"][vc_column_text]Membres[\/vc_column_text][\/vc_column] [vc_column width=\"1\/4\"][vc_column_text]Pius Schwarzentruber[\/vc_column_text][\/vc_column][vc_column width=\"3\/4\"][vc_column_text]\u00d6koFEN-Schweiz GmbH Gewerbe R\u00fcdel 6122 Menznau[\/vc_column_text][\/vc_column] [vc_column width=\"1\/4\"][vc_column_text]Josef Graf[\/vc_column_text][\/vc_column][vc_column width=\"3\/4\"][vc_column_text]Viessmann AG Industriestrasse 30 4542 Luterbach[\/vc_column_text][\/vc_column] [vc_column width=\"1\/4\"][vc_column_text]Peter Liebi[\/vc_column_text][\/vc_column][vc_column width=\"3\/4\"][vc_column_text]Liebi LNC AG Burgholz 3753 Oey-Diemtigen[\/vc_column_text][\/vc_column] [vc_column width=\"1\/4\"][vc_column_text]Philipp L\u00fcscher[\/vc_column_text][\/vc_column][vc_column width=\"3\/4\"][vc_column_text]Schmid energy solutions AG <a class=\"moretag\" href=\"https:\/\/www.holzfeuerungen-schweiz.ch\/fr\/lassociation\/vorstand\">read more...<\/a>","protected":false},"author":5,"featured_media":0,"parent":1252,"menu_order":105,"comment_status":"closed","ping_status":"closed","template":"","meta":{"_acf_changed":false,"footnotes":"","_links_to":"","_links_to_target":""},"class_list":["post-1248","page","type-page","status-publish","hentry"],"acf":[],"yoast_head":"<!-- This site is optimized with the Yoast SEO plugin v27.4 - https:\/\/yoast.com\/product\/yoast-seo-wordpress\/ -->\n<title>Vorstand - Holzfeuerungen Schweiz<\/title>\n<meta name=\"robots\" content=\"index, follow, max-snippet:-1, max-image-preview:large, max-video-preview:-1\" \/>\n<link rel=\"canonical\" href=\"https:\/\/www.holzfeuerungen-schweiz.ch\/fr\/lassociation\/vorstand\" \/>\n<meta property=\"og:locale\" content=\"fr_FR\" \/>\n<meta property=\"og:type\" content=\"article\" \/>\n<meta property=\"og:title\" content=\"Vorstand - Holzfeuerungen Schweiz\" \/>\n<meta property=\"og:url\" content=\"https:\/\/www.holzfeuerungen-schweiz.ch\/fr\/lassociation\/vorstand\" \/>\n<meta property=\"og:site_name\" content=\"Holzfeuerungen Schweiz\" \/>\n<meta property=\"article:publisher\" content=\"https:\/\/www.facebook.com\/Holzfeuerungen-Schweiz-107491968216764\" \/>\n<meta property=\"article:modified_time\" content=\"2020-11-13T12:47:37+00:00\" \/>\n<meta property=\"og:image\" content=\"https:\/\/www.holzfeuerungen-schweiz.ch\/wp-content\/uploads\/2016\/04\/logo-holzfeuerungen-schweiz-300-dpi.png\" \/>\n\t<meta property=\"og:image:width\" content=\"2052\" \/>\n\t<meta property=\"og:image:height\" content=\"1280\" \/>\n\t<meta property=\"og:image:type\" content=\"image\/png\" \/>\n<meta name=\"twitter:card\" content=\"summary_large_image\" \/>\n<meta name=\"twitter:label1\" content=\"Dur\u00e9e de lecture estim\u00e9e\" \/>\n\t<meta name=\"twitter:data1\" content=\"1 minute\" \/>\n<script type=\"application\/ld+json\" class=\"yoast-schema-graph\">{\"@context\":\"https:\\\/\\\/schema.org\",\"@graph\":[{\"@type\":\"WebPage\",\"@id\":\"https:\\\/\\\/www.holzfeuerungen-schweiz.ch\\\/fr\\\/lassociation\\\/vorstand\",\"url\":\"https:\\\/\\\/www.holzfeuerungen-schweiz.ch\\\/fr\\\/lassociation\\\/vorstand\",\"name\":\"Vorstand - Holzfeuerungen Schweiz\",\"isPartOf\":{\"@id\":\"https:\\\/\\\/www.holzfeuerungen-schweiz.ch\\\/fr\\\/#website\"},\"datePublished\":\"2016-11-14T18:20:25+00:00\",\"dateModified\":\"2020-11-13T12:47:37+00:00\",\"breadcrumb\":{\"@id\":\"https:\\\/\\\/www.holzfeuerungen-schweiz.ch\\\/fr\\\/lassociation\\\/vorstand#breadcrumb\"},\"inLanguage\":\"fr-FR\",\"potentialAction\":[{\"@type\":\"ReadAction\",\"target\":[\"https:\\\/\\\/www.holzfeuerungen-schweiz.ch\\\/fr\\\/lassociation\\\/vorstand\"]}]},{\"@type\":\"BreadcrumbList\",\"@id\":\"https:\\\/\\\/www.holzfeuerungen-schweiz.ch\\\/fr\\\/lassociation\\\/vorstand#breadcrumb\",\"itemListElement\":[{\"@type\":\"ListItem\",\"position\":1,\"name\":\"Startseite\",\"item\":\"https:\\\/\\\/www.holzfeuerungen-schweiz.ch\\\/fr\"},{\"@type\":\"ListItem\",\"position\":2,\"name\":\"L\u2019association\",\"item\":\"https:\\\/\\\/www.holzfeuerungen-schweiz.ch\\\/fr\\\/lassociation\"},{\"@type\":\"ListItem\",\"position\":3,\"name\":\"Vorstand\"}]},{\"@type\":\"WebSite\",\"@id\":\"https:\\\/\\\/www.holzfeuerungen-schweiz.ch\\\/fr\\\/#website\",\"url\":\"https:\\\/\\\/www.holzfeuerungen-schweiz.ch\\\/fr\\\/\",\"name\":\"Holzfeuerungen Schweiz\",\"description\":\"\",\"publisher\":{\"@id\":\"https:\\\/\\\/www.holzfeuerungen-schweiz.ch\\\/fr\\\/#organization\"},\"potentialAction\":[{\"@type\":\"SearchAction\",\"target\":{\"@type\":\"EntryPoint\",\"urlTemplate\":\"https:\\\/\\\/www.holzfeuerungen-schweiz.ch\\\/fr\\\/?s={search_term_string}\"},\"query-input\":{\"@type\":\"PropertyValueSpecification\",\"valueRequired\":true,\"valueName\":\"search_term_string\"}}],\"inLanguage\":\"fr-FR\"},{\"@type\":\"Organization\",\"@id\":\"https:\\\/\\\/www.holzfeuerungen-schweiz.ch\\\/fr\\\/#organization\",\"name\":\"Holzfeuerungen Schweiz\",\"url\":\"https:\\\/\\\/www.holzfeuerungen-schweiz.ch\\\/fr\\\/\",\"logo\":{\"@type\":\"ImageObject\",\"inLanguage\":\"fr-FR\",\"@id\":\"https:\\\/\\\/www.holzfeuerungen-schweiz.ch\\\/fr\\\/#\\\/schema\\\/logo\\\/image\\\/\",\"url\":\"https:\\\/\\\/www.holzfeuerungen-schweiz.ch\\\/wp-content\\\/uploads\\\/2016\\\/04\\\/logo-holzfeuerungen-schweiz-300-dpi.png\",\"contentUrl\":\"https:\\\/\\\/www.holzfeuerungen-schweiz.ch\\\/wp-content\\\/uploads\\\/2016\\\/04\\\/logo-holzfeuerungen-schweiz-300-dpi.png\",\"width\":2052,\"height\":1280,\"caption\":\"Holzfeuerungen Schweiz\"},\"image\":{\"@id\":\"https:\\\/\\\/www.holzfeuerungen-schweiz.ch\\\/fr\\\/#\\\/schema\\\/logo\\\/image\\\/\"},\"sameAs\":[\"https:\\\/\\\/www.facebook.com\\\/Holzfeuerungen-Schweiz-107491968216764\",\"https:\\\/\\\/www.linkedin.com\\\/company\\\/74027423\\\/admin\\\/\",\"https:\\\/\\\/www.youtube.com\\\/watch?v=bvRtbBWWWrU\"]}]}<\/script>\n<!-- \/ Yoast SEO plugin. -->","yoast_head_json":{"title":"Vorstand - Holzfeuerungen Schweiz","robots":{"index":"index","follow":"follow","max-snippet":"max-snippet:-1","max-image-preview":"max-image-preview:large","max-video-preview":"max-video-preview:-1"},"canonical":"https:\/\/www.holzfeuerungen-schweiz.ch\/fr\/lassociation\/vorstand","og_locale":"fr_FR","og_type":"article","og_title":"Vorstand - Holzfeuerungen Schweiz","og_url":"https:\/\/www.holzfeuerungen-schweiz.ch\/fr\/lassociation\/vorstand","og_site_name":"Holzfeuerungen Schweiz","article_publisher":"https:\/\/www.facebook.com\/Holzfeuerungen-Schweiz-107491968216764","article_modified_time":"2020-11-13T12:47:37+00:00","og_image":[{"width":2052,"height":1280,"url":"https:\/\/www.holzfeuerungen-schweiz.ch\/wp-content\/uploads\/2016\/04\/logo-holzfeuerungen-schweiz-300-dpi.png","type":"image\/png"}],"twitter_card":"summary_large_image","twitter_misc":{"Dur\u00e9e de lecture estim\u00e9e":"1 minute"},"schema":{"@context":"https:\/\/schema.org","@graph":[{"@type":"WebPage","@id":"https:\/\/www.holzfeuerungen-schweiz.ch\/fr\/lassociation\/vorstand","url":"https:\/\/www.holzfeuerungen-schweiz.ch\/fr\/lassociation\/vorstand","name":"Vorstand - Holzfeuerungen Schweiz","isPartOf":{"@id":"https:\/\/www.holzfeuerungen-schweiz.ch\/fr\/#website"},"datePublished":"2016-11-14T18:20:25+00:00","dateModified":"2020-11-13T12:47:37+00:00","breadcrumb":{"@id":"https:\/\/www.holzfeuerungen-schweiz.ch\/fr\/lassociation\/vorstand#breadcrumb"},"inLanguage":"fr-FR","potentialAction":[{"@type":"ReadAction","target":["https:\/\/www.holzfeuerungen-schweiz.ch\/fr\/lassociation\/vorstand"]}]},{"@type":"BreadcrumbList","@id":"https:\/\/www.holzfeuerungen-schweiz.ch\/fr\/lassociation\/vorstand#breadcrumb","itemListElement":[{"@type":"ListItem","position":1,"name":"Startseite","item":"https:\/\/www.holzfeuerungen-schweiz.ch\/fr"},{"@type":"ListItem","position":2,"name":"L\u2019association","item":"https:\/\/www.holzfeuerungen-schweiz.ch\/fr\/lassociation"},{"@type":"ListItem","position":3,"name":"Vorstand"}]},{"@type":"WebSite","@id":"https:\/\/www.holzfeuerungen-schweiz.ch\/fr\/#website","url":"https:\/\/www.holzfeuerungen-schweiz.ch\/fr\/","name":"Holzfeuerungen Schweiz","description":"","publisher":{"@id":"https:\/\/www.holzfeuerungen-schweiz.ch\/fr\/#organization"},"potentialAction":[{"@type":"SearchAction","target":{"@type":"EntryPoint","urlTemplate":"https:\/\/www.holzfeuerungen-schweiz.ch\/fr\/?s={search_term_string}"},"query-input":{"@type":"PropertyValueSpecification","valueRequired":true,"valueName":"search_term_string"}}],"inLanguage":"fr-FR"},{"@type":"Organization","@id":"https:\/\/www.holzfeuerungen-schweiz.ch\/fr\/#organization","name":"Holzfeuerungen Schweiz","url":"https:\/\/www.holzfeuerungen-schweiz.ch\/fr\/","logo":{"@type":"ImageObject","inLanguage":"fr-FR","@id":"https:\/\/www.holzfeuerungen-schweiz.ch\/fr\/#\/schema\/logo\/image\/","url":"https:\/\/www.holzfeuerungen-schweiz.ch\/wp-content\/uploads\/2016\/04\/logo-holzfeuerungen-schweiz-300-dpi.png","contentUrl":"https:\/\/www.holzfeuerungen-schweiz.ch\/wp-content\/uploads\/2016\/04\/logo-holzfeuerungen-schweiz-300-dpi.png","width":2052,"height":1280,"caption":"Holzfeuerungen Schweiz"},"image":{"@id":"https:\/\/www.holzfeuerungen-schweiz.ch\/fr\/#\/schema\/logo\/image\/"},"sameAs":["https:\/\/www.facebook.com\/Holzfeuerungen-Schweiz-107491968216764","https:\/\/www.linkedin.com\/company\/74027423\/admin\/","https:\/\/www.youtube.com\/watch?v=bvRtbBWWWrU"]}]}},"_links":{"self":[{"href":"https:\/\/www.holzfeuerungen-schweiz.ch\/fr\/wp-json\/wp\/v2\/pages\/1248","targetHints":{"allow":["GET"]}}],"collection":[{"href":"https:\/\/www.holzfeuerungen-schweiz.ch\/fr\/wp-json\/wp\/v2\/pages"}],"about":[{"href":"https:\/\/www.holzfeuerungen-schweiz.ch\/fr\/wp-json\/wp\/v2\/types\/page"}],"author":[{"embeddable":true,"href":"https:\/\/www.holzfeuerungen-schweiz.ch\/fr\/wp-json\/wp\/v2\/users\/5"}],"replies":[{"embeddable":true,"href":"https:\/\/www.holzfeuerungen-schweiz.ch\/fr\/wp-json\/wp\/v2\/comments?post=1248"}],"version-history":[{"count":0,"href":"https:\/\/www.holzfeuerungen-schweiz.ch\/fr\/wp-json\/wp\/v2\/pages\/1248\/revisions"}],"up":[{"embeddable":true,"href":"https:\/\/www.holzfeuerungen-schweiz.ch\/fr\/wp-json\/wp\/v2\/pages\/1252"}],"wp:attachment":[{"href":"https:\/\/www.holzfeuerungen-schweiz.ch\/fr\/wp-json\/wp\/v2\/media?parent=1248"}],"curies":[{"name":"wp","href":"https:\/\/api.w.org\/{rel}","templated":true}]}}