{"id":1264,"date":"2016-11-14T19:35:20","date_gmt":"2016-11-14T18:35:20","guid":{"rendered":"http:\/\/www.sfih-holzfeuerungen.ch\/fr\/?page_id=1264"},"modified":"2025-06-06T15:20:58","modified_gmt":"2025-06-06T13:20:58","slug":"avantages-2","status":"publish","type":"page","link":"https:\/\/www.holzfeuerungen-schweiz.ch\/fr\/lassociation\/avantages-2","title":{"rendered":"Vos avantages comme membre"},"content":{"rendered":"\t\t\t<section  class=\"content-section vc_backgroundimage vc_bg_image_medium   stretch-row vc-cover   mb-20-xs mb-30-sm\"  style=\"background-position:center center;background-image:url(https:\/\/www.holzfeuerungen-schweiz.ch\/wp-content\/uploads\/2020\/11\/slider-pusteblume-web.jpg);\"  >\n\n\t\t\t\t<div class=\"row  \">\n\n\t\t\t\t\t[vc_column][\/vc_column]\n\t\t\t\t<\/div>\n\n\t\t\t\t\n\t\t\t\t\n\t\t\t\n\t\t\t\n\t\t<\/section>\n\n\t\t\t\t<section  class=\"content-section      mb-20-xs mb-30-sm\"    >\n\n\t\t\t\t<div class=\"row  \">\n\n\t\t\t\t\t[vc_column][vc_column_text css=\u00a0\u00bb\u00a0\u00bb]\n<div id=\"block-sfih-holzfeuerungen-page-title\" class=\"block block-core block-page-title-block\">\n<h1 class=\"js-quickedit-page-title page-title\">Vos avantages comme membre<\/h1>\n<\/div>\n[\/vc_column_text][vc_column_text css=\u00a0\u00bb\u00a0\u00bb vc_rwd=\u00a0\u00bb\u00a0\u00bb]\n<ul>\n<li style=\"text-align: left\">Collaboration avec <a href=\"https:\/\/www.energie-bois.ch\/?_gl=1*1wurah0*_ga*MTU1NzEyMDY5Mi4xNzQ3MDM0OTk4*_ga_WRY6LQMLJR*czE3NDkyMTU5OTIkbzI2JGcxJHQxNzQ5MjE1OTk3JGo1NSRsMCRoMA..\">Energie-bois Suisse<\/a> en tant qu&rsquo;organisation fa\u00eeti\u00e8re suisse :<\/li>\n<\/ul>\n<p><span style=\"font-weight: 300\"><img loading=\"lazy\" decoding=\"async\" class=\"alignleft wp-image-3321\" src=\"https:\/\/www.holzfeuerungen-schweiz.ch\/wp-content\/uploads\/2016\/07\/logo-flamme-143x90-1.png\" alt=\"\" width=\"67\" height=\"65\" srcset=\"https:\/\/www.holzfeuerungen-schweiz.ch\/wp-content\/uploads\/2016\/07\/logo-flamme-143x90-1.png 59w, https:\/\/www.holzfeuerungen-schweiz.ch\/wp-content\/uploads\/2016\/07\/logo-flamme-143x90-1-50x50.png 50w\" sizes=\"auto, (max-width: 67px) 100vw, 67px\" \/>Elaboration\/poursuite de strat\u00e9gies communes<br \/>\nAcc\u00e8s aux offices f\u00e9d\u00e9raux d\u00e9terminants<br \/>\nConditions sp\u00e9ciales pour les membres d&rsquo;Energie-bois Suisse lors de certifications d&rsquo;appareils<br \/>\nAbonnement gratuit pour Chauffage au bois Suisse Membres du Bulletin Energie-bois<br \/>\n<\/span><\/p>\n<ul>\n<li><strong>Prises de position communes<\/strong> sur des th\u00e8mes actuels sp\u00e9cifiques \u00e0 la branche (p. ex. via la presse)<\/li>\n<li><strong>Actions coordonn\u00e9es lors de votations importantes<\/strong> au niveau politique ou \u00e9conomique<\/li>\n<li><strong>\u00c9change d&rsquo;exp\u00e9riences entre les membres<\/strong> de Chauffages au bois Suisse pour promouvoir les meilleures pratiques<\/li>\n<li><strong>Statistiques et estimations du march\u00e9<\/strong> : le seul aper\u00e7u complet du volume du march\u00e9 en Suisse pour diff\u00e9rents syst\u00e8mes de chauffage au bois<\/li>\n<li><strong>Informations sp\u00e9cifiques<\/strong> \u00e0 la branche fournies par le secr\u00e9tariat de Chauffages au bois Suisse sur les d\u00e9veloppements actuels, les foires en Suisse et \u00e0 l&rsquo;\u00e9tranger, les opportunit\u00e9s commerciales et les programmes d&rsquo;encouragement<\/li>\n<li><strong>Pr\u00e9sence en ligne de Chauffages au bois Suisse<\/strong> avec des liens directs vers les pages d&rsquo;accueil des entreprises membres<\/li>\n<li><strong>Participation et prise d&rsquo;influence dans le d\u00e9veloppement de normes internationales<\/strong> dans le domaine des chauffages au bois (p. ex. Normes EURO et ISO par exemple)<\/li>\n<li><strong>Documentation et r\u00e9pertoire d&rsquo;offres<\/strong> pour la diffusion des adresses de fabricants et de fournisseurs de chauffages au bois suisses par le biais des m\u00e9dias, des services de conseil en \u00e9nergie, d&rsquo;Energie-bois Suisse, du VHP, des expositions sp\u00e9ciales de l&rsquo;OFEN ainsi que des manifestations et \u00e9v\u00e9nements locaux<\/li>\n<\/ul>\n[\/vc_column_text][\/vc_column]\n\t\t\t\t<\/div>\n\n\t\t\t\t\n\t\t\t\t\n\t\t\t\n\t\t\t\n\t\t<\/section>\n\n\t\n","protected":false},"excerpt":{"rendered":"[vc_column][\/vc_column] [vc_column][vc_column_text css=\"\"] Vos avantages comme membre [\/vc_column_text][vc_column_text css=\"\" vc_rwd=\"\"] Collaboration avec Energie-bois Suisse en tant qu'organisation fa\u00eeti\u00e8re suisse : Elaboration\/poursuite de strat\u00e9gies communes Acc\u00e8s aux offices f\u00e9d\u00e9raux d\u00e9terminants Conditions sp\u00e9ciales pour les membres d'Energie-bois Suisse lors de certifications d'appareils Abonnement gratuit pour Chauffage au bois Suisse Membres du Bulletin <a class=\"moretag\" href=\"https:\/\/www.holzfeuerungen-schweiz.ch\/fr\/lassociation\/avantages-2\">read more...<\/a>","protected":false},"author":5,"featured_media":0,"parent":1252,"menu_order":26,"comment_status":"closed","ping_status":"closed","template":"","meta":{"_acf_changed":false,"footnotes":"","_links_to":"","_links_to_target":""},"class_list":["post-1264","page","type-page","status-publish","hentry"],"acf":[],"yoast_head":"<!-- This site is optimized with the Yoast SEO plugin v27.5 - https:\/\/yoast.com\/product\/yoast-seo-wordpress\/ -->\n<title>Vos avantages comme membre - Holzfeuerungen Schweiz<\/title>\n<meta name=\"robots\" content=\"index, follow, max-snippet:-1, max-image-preview:large, max-video-preview:-1\" \/>\n<link rel=\"canonical\" href=\"https:\/\/www.holzfeuerungen-schweiz.ch\/fr\/lassociation\/avantages-2\" \/>\n<meta property=\"og:locale\" content=\"fr_FR\" \/>\n<meta property=\"og:type\" content=\"article\" \/>\n<meta property=\"og:title\" content=\"Vos avantages comme membre - Holzfeuerungen Schweiz\" \/>\n<meta property=\"og:url\" content=\"https:\/\/www.holzfeuerungen-schweiz.ch\/fr\/lassociation\/avantages-2\" \/>\n<meta property=\"og:site_name\" content=\"Holzfeuerungen Schweiz\" \/>\n<meta property=\"article:publisher\" content=\"https:\/\/www.facebook.com\/Holzfeuerungen-Schweiz-107491968216764\" \/>\n<meta property=\"article:modified_time\" content=\"2025-06-06T13:20:58+00:00\" \/>\n<meta property=\"og:image\" content=\"https:\/\/www.holzfeuerungen-schweiz.ch\/wp-content\/uploads\/2016\/07\/logo-flamme-143x90-1.png\" \/>\n\t<meta property=\"og:image:width\" content=\"59\" \/>\n\t<meta property=\"og:image:height\" content=\"57\" \/>\n\t<meta property=\"og:image:type\" content=\"image\/png\" \/>\n<meta name=\"twitter:card\" content=\"summary_large_image\" \/>\n<meta name=\"twitter:label1\" content=\"Dur\u00e9e de lecture estim\u00e9e\" \/>\n\t<meta name=\"twitter:data1\" content=\"2 minutes\" \/>\n<script type=\"application\/ld+json\" class=\"yoast-schema-graph\">{\"@context\":\"https:\\\/\\\/schema.org\",\"@graph\":[{\"@type\":\"WebPage\",\"@id\":\"https:\\\/\\\/www.holzfeuerungen-schweiz.ch\\\/fr\\\/lassociation\\\/avantages-2\",\"url\":\"https:\\\/\\\/www.holzfeuerungen-schweiz.ch\\\/fr\\\/lassociation\\\/avantages-2\",\"name\":\"Vos avantages comme membre - Holzfeuerungen Schweiz\",\"isPartOf\":{\"@id\":\"https:\\\/\\\/www.holzfeuerungen-schweiz.ch\\\/fr\\\/#website\"},\"primaryImageOfPage\":{\"@id\":\"https:\\\/\\\/www.holzfeuerungen-schweiz.ch\\\/fr\\\/lassociation\\\/avantages-2#primaryimage\"},\"image\":{\"@id\":\"https:\\\/\\\/www.holzfeuerungen-schweiz.ch\\\/fr\\\/lassociation\\\/avantages-2#primaryimage\"},\"thumbnailUrl\":\"https:\\\/\\\/www.holzfeuerungen-schweiz.ch\\\/wp-content\\\/uploads\\\/2016\\\/07\\\/logo-flamme-143x90-1.png\",\"datePublished\":\"2016-11-14T18:35:20+00:00\",\"dateModified\":\"2025-06-06T13:20:58+00:00\",\"breadcrumb\":{\"@id\":\"https:\\\/\\\/www.holzfeuerungen-schweiz.ch\\\/fr\\\/lassociation\\\/avantages-2#breadcrumb\"},\"inLanguage\":\"fr-FR\",\"potentialAction\":[{\"@type\":\"ReadAction\",\"target\":[\"https:\\\/\\\/www.holzfeuerungen-schweiz.ch\\\/fr\\\/lassociation\\\/avantages-2\"]}]},{\"@type\":\"ImageObject\",\"inLanguage\":\"fr-FR\",\"@id\":\"https:\\\/\\\/www.holzfeuerungen-schweiz.ch\\\/fr\\\/lassociation\\\/avantages-2#primaryimage\",\"url\":\"https:\\\/\\\/www.holzfeuerungen-schweiz.ch\\\/wp-content\\\/uploads\\\/2016\\\/07\\\/logo-flamme-143x90-1.png\",\"contentUrl\":\"https:\\\/\\\/www.holzfeuerungen-schweiz.ch\\\/wp-content\\\/uploads\\\/2016\\\/07\\\/logo-flamme-143x90-1.png\"},{\"@type\":\"BreadcrumbList\",\"@id\":\"https:\\\/\\\/www.holzfeuerungen-schweiz.ch\\\/fr\\\/lassociation\\\/avantages-2#breadcrumb\",\"itemListElement\":[{\"@type\":\"ListItem\",\"position\":1,\"name\":\"Startseite\",\"item\":\"https:\\\/\\\/www.holzfeuerungen-schweiz.ch\\\/fr\"},{\"@type\":\"ListItem\",\"position\":2,\"name\":\"L\u2019association\",\"item\":\"https:\\\/\\\/www.holzfeuerungen-schweiz.ch\\\/fr\\\/lassociation\"},{\"@type\":\"ListItem\",\"position\":3,\"name\":\"Vos avantages comme membre\"}]},{\"@type\":\"WebSite\",\"@id\":\"https:\\\/\\\/www.holzfeuerungen-schweiz.ch\\\/fr\\\/#website\",\"url\":\"https:\\\/\\\/www.holzfeuerungen-schweiz.ch\\\/fr\\\/\",\"name\":\"Holzfeuerungen Schweiz\",\"description\":\"\",\"publisher\":{\"@id\":\"https:\\\/\\\/www.holzfeuerungen-schweiz.ch\\\/fr\\\/#organization\"},\"potentialAction\":[{\"@type\":\"SearchAction\",\"target\":{\"@type\":\"EntryPoint\",\"urlTemplate\":\"https:\\\/\\\/www.holzfeuerungen-schweiz.ch\\\/fr\\\/?s={search_term_string}\"},\"query-input\":{\"@type\":\"PropertyValueSpecification\",\"valueRequired\":true,\"valueName\":\"search_term_string\"}}],\"inLanguage\":\"fr-FR\"},{\"@type\":\"Organization\",\"@id\":\"https:\\\/\\\/www.holzfeuerungen-schweiz.ch\\\/fr\\\/#organization\",\"name\":\"Holzfeuerungen Schweiz\",\"url\":\"https:\\\/\\\/www.holzfeuerungen-schweiz.ch\\\/fr\\\/\",\"logo\":{\"@type\":\"ImageObject\",\"inLanguage\":\"fr-FR\",\"@id\":\"https:\\\/\\\/www.holzfeuerungen-schweiz.ch\\\/fr\\\/#\\\/schema\\\/logo\\\/image\\\/\",\"url\":\"https:\\\/\\\/www.holzfeuerungen-schweiz.ch\\\/wp-content\\\/uploads\\\/2016\\\/04\\\/logo-holzfeuerungen-schweiz-300-dpi.png\",\"contentUrl\":\"https:\\\/\\\/www.holzfeuerungen-schweiz.ch\\\/wp-content\\\/uploads\\\/2016\\\/04\\\/logo-holzfeuerungen-schweiz-300-dpi.png\",\"width\":2052,\"height\":1280,\"caption\":\"Holzfeuerungen Schweiz\"},\"image\":{\"@id\":\"https:\\\/\\\/www.holzfeuerungen-schweiz.ch\\\/fr\\\/#\\\/schema\\\/logo\\\/image\\\/\"},\"sameAs\":[\"https:\\\/\\\/www.facebook.com\\\/Holzfeuerungen-Schweiz-107491968216764\",\"https:\\\/\\\/www.linkedin.com\\\/company\\\/74027423\\\/admin\\\/\",\"https:\\\/\\\/www.youtube.com\\\/watch?v=bvRtbBWWWrU\"]}]}<\/script>\n<!-- \/ Yoast SEO plugin. -->","yoast_head_json":{"title":"Vos avantages comme membre - Holzfeuerungen Schweiz","robots":{"index":"index","follow":"follow","max-snippet":"max-snippet:-1","max-image-preview":"max-image-preview:large","max-video-preview":"max-video-preview:-1"},"canonical":"https:\/\/www.holzfeuerungen-schweiz.ch\/fr\/lassociation\/avantages-2","og_locale":"fr_FR","og_type":"article","og_title":"Vos avantages comme membre - Holzfeuerungen Schweiz","og_url":"https:\/\/www.holzfeuerungen-schweiz.ch\/fr\/lassociation\/avantages-2","og_site_name":"Holzfeuerungen Schweiz","article_publisher":"https:\/\/www.facebook.com\/Holzfeuerungen-Schweiz-107491968216764","article_modified_time":"2025-06-06T13:20:58+00:00","og_image":[{"width":59,"height":57,"url":"https:\/\/www.holzfeuerungen-schweiz.ch\/wp-content\/uploads\/2016\/07\/logo-flamme-143x90-1.png","type":"image\/png"}],"twitter_card":"summary_large_image","twitter_misc":{"Dur\u00e9e de lecture estim\u00e9e":"2 minutes"},"schema":{"@context":"https:\/\/schema.org","@graph":[{"@type":"WebPage","@id":"https:\/\/www.holzfeuerungen-schweiz.ch\/fr\/lassociation\/avantages-2","url":"https:\/\/www.holzfeuerungen-schweiz.ch\/fr\/lassociation\/avantages-2","name":"Vos avantages comme membre - Holzfeuerungen Schweiz","isPartOf":{"@id":"https:\/\/www.holzfeuerungen-schweiz.ch\/fr\/#website"},"primaryImageOfPage":{"@id":"https:\/\/www.holzfeuerungen-schweiz.ch\/fr\/lassociation\/avantages-2#primaryimage"},"image":{"@id":"https:\/\/www.holzfeuerungen-schweiz.ch\/fr\/lassociation\/avantages-2#primaryimage"},"thumbnailUrl":"https:\/\/www.holzfeuerungen-schweiz.ch\/wp-content\/uploads\/2016\/07\/logo-flamme-143x90-1.png","datePublished":"2016-11-14T18:35:20+00:00","dateModified":"2025-06-06T13:20:58+00:00","breadcrumb":{"@id":"https:\/\/www.holzfeuerungen-schweiz.ch\/fr\/lassociation\/avantages-2#breadcrumb"},"inLanguage":"fr-FR","potentialAction":[{"@type":"ReadAction","target":["https:\/\/www.holzfeuerungen-schweiz.ch\/fr\/lassociation\/avantages-2"]}]},{"@type":"ImageObject","inLanguage":"fr-FR","@id":"https:\/\/www.holzfeuerungen-schweiz.ch\/fr\/lassociation\/avantages-2#primaryimage","url":"https:\/\/www.holzfeuerungen-schweiz.ch\/wp-content\/uploads\/2016\/07\/logo-flamme-143x90-1.png","contentUrl":"https:\/\/www.holzfeuerungen-schweiz.ch\/wp-content\/uploads\/2016\/07\/logo-flamme-143x90-1.png"},{"@type":"BreadcrumbList","@id":"https:\/\/www.holzfeuerungen-schweiz.ch\/fr\/lassociation\/avantages-2#breadcrumb","itemListElement":[{"@type":"ListItem","position":1,"name":"Startseite","item":"https:\/\/www.holzfeuerungen-schweiz.ch\/fr"},{"@type":"ListItem","position":2,"name":"L\u2019association","item":"https:\/\/www.holzfeuerungen-schweiz.ch\/fr\/lassociation"},{"@type":"ListItem","position":3,"name":"Vos avantages comme membre"}]},{"@type":"WebSite","@id":"https:\/\/www.holzfeuerungen-schweiz.ch\/fr\/#website","url":"https:\/\/www.holzfeuerungen-schweiz.ch\/fr\/","name":"Holzfeuerungen Schweiz","description":"","publisher":{"@id":"https:\/\/www.holzfeuerungen-schweiz.ch\/fr\/#organization"},"potentialAction":[{"@type":"SearchAction","target":{"@type":"EntryPoint","urlTemplate":"https:\/\/www.holzfeuerungen-schweiz.ch\/fr\/?s={search_term_string}"},"query-input":{"@type":"PropertyValueSpecification","valueRequired":true,"valueName":"search_term_string"}}],"inLanguage":"fr-FR"},{"@type":"Organization","@id":"https:\/\/www.holzfeuerungen-schweiz.ch\/fr\/#organization","name":"Holzfeuerungen Schweiz","url":"https:\/\/www.holzfeuerungen-schweiz.ch\/fr\/","logo":{"@type":"ImageObject","inLanguage":"fr-FR","@id":"https:\/\/www.holzfeuerungen-schweiz.ch\/fr\/#\/schema\/logo\/image\/","url":"https:\/\/www.holzfeuerungen-schweiz.ch\/wp-content\/uploads\/2016\/04\/logo-holzfeuerungen-schweiz-300-dpi.png","contentUrl":"https:\/\/www.holzfeuerungen-schweiz.ch\/wp-content\/uploads\/2016\/04\/logo-holzfeuerungen-schweiz-300-dpi.png","width":2052,"height":1280,"caption":"Holzfeuerungen Schweiz"},"image":{"@id":"https:\/\/www.holzfeuerungen-schweiz.ch\/fr\/#\/schema\/logo\/image\/"},"sameAs":["https:\/\/www.facebook.com\/Holzfeuerungen-Schweiz-107491968216764","https:\/\/www.linkedin.com\/company\/74027423\/admin\/","https:\/\/www.youtube.com\/watch?v=bvRtbBWWWrU"]}]}},"_links":{"self":[{"href":"https:\/\/www.holzfeuerungen-schweiz.ch\/fr\/wp-json\/wp\/v2\/pages\/1264","targetHints":{"allow":["GET"]}}],"collection":[{"href":"https:\/\/www.holzfeuerungen-schweiz.ch\/fr\/wp-json\/wp\/v2\/pages"}],"about":[{"href":"https:\/\/www.holzfeuerungen-schweiz.ch\/fr\/wp-json\/wp\/v2\/types\/page"}],"author":[{"embeddable":true,"href":"https:\/\/www.holzfeuerungen-schweiz.ch\/fr\/wp-json\/wp\/v2\/users\/5"}],"replies":[{"embeddable":true,"href":"https:\/\/www.holzfeuerungen-schweiz.ch\/fr\/wp-json\/wp\/v2\/comments?post=1264"}],"version-history":[{"count":9,"href":"https:\/\/www.holzfeuerungen-schweiz.ch\/fr\/wp-json\/wp\/v2\/pages\/1264\/revisions"}],"predecessor-version":[{"id":6459,"href":"https:\/\/www.holzfeuerungen-schweiz.ch\/fr\/wp-json\/wp\/v2\/pages\/1264\/revisions\/6459"}],"up":[{"embeddable":true,"href":"https:\/\/www.holzfeuerungen-schweiz.ch\/fr\/wp-json\/wp\/v2\/pages\/1252"}],"wp:attachment":[{"href":"https:\/\/www.holzfeuerungen-schweiz.ch\/fr\/wp-json\/wp\/v2\/media?parent=1264"}],"curies":[{"name":"wp","href":"https:\/\/api.w.org\/{rel}","templated":true}]}}